{"id":2,"date":"2023-02-17T08:09:59","date_gmt":"2023-02-17T08:09:59","guid":{"rendered":"https:\/\/powrpvd.org\/?page_id=2"},"modified":"2026-02-17T16:45:17","modified_gmt":"2026-02-17T16:45:17","slug":"home","status":"publish","type":"page","link":"https:\/\/powrpvd.org\/es\/","title":{"rendered":"Home"},"content":{"rendered":"<div class=\"gb-container gb-container-2c4ee1e6 alignfull\">\n<div class=\"gb-grid-wrapper gb-grid-wrapper-d8a309bc\">\n<div class=\"gb-grid-column gb-grid-column-613d4139\"><div class=\"gb-container gb-container-613d4139 hero-container vertical-center-container\">\n<div class=\"gb-container gb-container-ac215f66 vertical-center-item alignfull\">\n\n<h2 class=\"wp-block-heading alignfull has-text-align-center knewave-font has-text-color\" style=\"color:#ffd900;font-size:5rem;font-style:italic;font-weight:500\"><strong>\u00bfAlquiler muy alto?<br>\u00bfSalario muy bajo?<\/strong><\/h2>\n\n\n\n<p class=\"has-text-align-center knewave-font-subtitle has-base-2-color has-text-color\" style=\"font-size:2.5rem\">\u00a1Organic\u00e9monos!<\/p>\n\n\n\n<div style=\"height:25px\" aria-hidden=\"true\" class=\"wp-block-spacer\"><\/div>\n\n<\/div>\n\n<div class=\"gb-container gb-container-557c62de vertical-center-item\">\n\n<h2 class=\"wp-block-heading has-text-align-center knewave-font has-text-color\" style=\"color:#ffd900;font-size:3rem;font-style:italic;font-weight:500\"><strong>\u00bfAlquiler muy alto?<br>\u00bfSalario muy bajo?<\/strong><\/h2>\n\n\n\n<p class=\"has-text-align-center knewave-font-subtitle has-base-2-color has-text-color\" style=\"font-size:1.5rem\">\u00a1Organic\u00e9monos!<\/p>\n\n\n\n<div style=\"height:25px\" aria-hidden=\"true\" class=\"wp-block-spacer\"><\/div>\n\n<\/div>\n<\/div><\/div>\n<\/div>\n<\/div>\n\n\n<div class=\"wp-block-group group-margin\"><div class=\"wp-block-group__inner-container is-layout-constrained wp-block-group-is-layout-constrained\"><div class=\"gb-grid-wrapper gb-grid-wrapper-549613ee\">\n<div class=\"gb-grid-column gb-grid-column-adf1ade9\"><div class=\"gb-container gb-container-adf1ade9\">\n\n<div style=\"height:50px\" aria-hidden=\"true\" class=\"wp-block-spacer\"><\/div>\n\n\n\n<h2 class=\"wp-block-heading remove-bottom-margin\" style=\"font-size:2.5rem;font-style:normal;font-weight:700\"><strong>Es hora de que la gente trabajadora y las y los\ninquilinos de Providence luchemos \u00a1Construyamos nuestro poder! \u00a1Trabajadores e\ninquilinos unidos!<\/strong><\/h2>\n\n\n\n<h2 class=\"wp-block-heading has-text-align-center front-page-section-2-header\" style=\"font-size:1.5rem;font-style:normal;font-weight:700\"><strong>Es hora de que la gente trabajadora y las y los\ninquilinos de Providence luchemos \u00a1Construyamos nuestro poder! \u00a1Trabajadores e\ninquilinos unidos!<\/strong><\/h2>\n\n\n\n<p>Durante d\u00e9cadas, nosotros, la clase\ntrabajadora de Providence, hemos sido\natacados. Lo peor ha reca\u00eddo sobre las\ncomunidades negras, latinas, asi\u00e1ticas,\nind\u00edgenas e inmigrantes. Los propietarios y los\ngrupos administrativos de propiedades\u2013como\nStrive, RentProv, Pioneer y\nBlackstone\/Stonelink, solo por nombrar\nalgunos\u2013se est\u00e1n beneficiando. Mientras\ntanto, nuestros alquileres aumentan, nuestras\ncondiciones de vida siguen siendo malas y\nmuchos se quedan sin hogar. Los jefes nos\nest\u00e1n trabajando como mulas mientras los\nsalarios se estancan. Y eso es solo la punta del\niceberg.<\/p>\n\n\n\n<p>Creemos que podemos cambiar esto. \u00a1Unidos\ncomo clase trabajadora, podemos cambiar el\nmundo!<\/p>\n\n\n\n<div style=\"height:20px\" aria-hidden=\"true\" class=\"wp-block-spacer\"><\/div>\n\n\n\n<h3 class=\"wp-block-heading\"><strong>\u00bfQu\u00e9 podemos hacer?<\/strong><\/h3>\n\n\n\n<p><strong>SOLIDARIDAD EN LA LUCHA:<\/strong>: La solidaridad en la lucha es nuestra arma m\u00e1s fuerte. Hay muchas luchas actuales que otros trabajadores e inquilinos est\u00e1n dirigiendo. El apoyo de la comunidad ser\u00e1 clave para nuestro \u00e9xito colectivo.<br><br><strong>ORGAN\u00cdZATE<\/strong>: \u00danete a otras personas que enfrentan problemas similares, ya sea en el trabajo, en tu edificio de apartamentos o en tu vecindario, \u00a1y lucha! Los que est\u00e1n en el poder son pocos, pero nosotros somos muchos. Por ejemplo:<\/p>\n\n\n\n<ul class=\"wp-block-list\">\n<li>Forma un sindicato de inquilinos para mejorar tus condiciones de vida y luchar contra los aumentos de alquiler!<\/li>\n\n\n\n<li>\u00a1Organiza a tus compa\u00f1eros de trabajo para ganar respeto en el trabajo y salarios m\u00e1s altos!<\/li>\n\n\n\n<li>\u00a1Forma un grupo comunitario para monitorear y combatir la brutalidad policial!<\/li>\n<\/ul>\n\n\n\n<p><strong>ED\u00daCATE: \u00a1Aprende tus derechos y corre la voz!<\/strong>: Learn your rights and spread the word!<br><br><strong>HABLA CON TUS VECINOS<\/strong> : No enfrentamos estos problemas de forma aislada. Debemos construir la mayor unidad vecinal y obrera posible.<\/p>\n\n\n\n<h3 class=\"wp-block-heading\"><strong>\u00danete a POWR <\/strong><strong>...y construir el poder<\/strong><\/h3>\n\n\n\n<p>Ya estamos contactando a nuestros vecinos. El\nobjetivo es tener reuniones comunitarias muy pronto para discutir los problemas que afectan a las personas. <br><br><a href=\"mailto:workersandrenters@gmail.com\" target=\"_blank\" rel=\"noreferrer noopener\">Comun\u00edcate con nosotros<\/a> si est\u00e1s interesado en asistir a una reuni\u00f3n\ncomunitaria, hacer actividades de divulgaci\u00f3n en el vecindario o si enfrentas problemas en torno a los cuales deseas resolver.<br><br><strong>\u00a1Providence Unida Nunca Ser\u00e1 Derrotada!<\/strong><\/p>\n\n<\/div><\/div>\n\n<div class=\"gb-grid-column gb-grid-column-5b80e387\"><div class=\"gb-container gb-container-5b80e387\">\n\n<div style=\"height:50px\" aria-hidden=\"true\" class=\"wp-block-spacer\"><\/div>\n\n\n\n<figure class=\"wp-block-image size-large is-resized\"><img loading=\"lazy\" decoding=\"async\" width=\"1024\" height=\"238\" src=\"https:\/\/powrpvd.org\/wp-content\/uploads\/2023\/03\/cropped-Providence-Organization-Workers-Renters-1-1024x238.webp\" alt=\"Providence Organization of Workers &amp; Renters\" class=\"wp-image-242\" style=\"width:150px;height:undefinedpx\" srcset=\"https:\/\/powrpvd.org\/wp-content\/uploads\/2023\/03\/cropped-Providence-Organization-Workers-Renters-1-1024x238.webp 1024w, https:\/\/powrpvd.org\/wp-content\/uploads\/2023\/03\/cropped-Providence-Organization-Workers-Renters-1-300x70.webp 300w, https:\/\/powrpvd.org\/wp-content\/uploads\/2023\/03\/cropped-Providence-Organization-Workers-Renters-1-768x178.webp 768w, https:\/\/powrpvd.org\/wp-content\/uploads\/2023\/03\/cropped-Providence-Organization-Workers-Renters-1-1536x357.webp 1536w, https:\/\/powrpvd.org\/wp-content\/uploads\/2023\/03\/cropped-Providence-Organization-Workers-Renters-1-18x4.webp 18w, https:\/\/powrpvd.org\/wp-content\/uploads\/2023\/03\/cropped-Providence-Organization-Workers-Renters-1.webp 1705w\" sizes=\"auto, (max-width: 1024px) 100vw, 1024px\" \/><\/figure>\n\n\n\n<div style=\"height:15px\" aria-hidden=\"true\" class=\"wp-block-spacer\"><\/div>\n\n\n\n<p>Providence Organization of Workers and Renters,(o POWR), es directamente democr\u00e1tica. Decidimos colectivamente qu\u00e9 problemas queremos abordar y c\u00f3mo abordarlos. POWR busca ser el tipo de fuerza comunitaria organizada en Providence que marca la pauta para la pol\u00edtica de la clase trabajadora, confiando en el poder de la gente. <\/p>\n\n\n\n<h3 class=\"wp-block-heading\"><\/h3>\n\n\n\n<p><\/p>\n\n<\/div><\/div>\n<\/div><\/div><\/div>\n\n\n\n<div style=\"height:50px\" aria-hidden=\"true\" class=\"wp-block-spacer\"><\/div>","protected":false},"excerpt":{"rendered":"","protected":false},"author":1,"featured_media":0,"parent":0,"menu_order":0,"comment_status":"closed","ping_status":"closed","template":"","meta":{"footnotes":""},"class_list":["post-2","page","type-page","status-publish"],"_links":{"self":[{"href":"https:\/\/powrpvd.org\/es\/wp-json\/wp\/v2\/pages\/2","targetHints":{"allow":["GET"]}}],"collection":[{"href":"https:\/\/powrpvd.org\/es\/wp-json\/wp\/v2\/pages"}],"about":[{"href":"https:\/\/powrpvd.org\/es\/wp-json\/wp\/v2\/types\/page"}],"author":[{"embeddable":true,"href":"https:\/\/powrpvd.org\/es\/wp-json\/wp\/v2\/users\/1"}],"replies":[{"embeddable":true,"href":"https:\/\/powrpvd.org\/es\/wp-json\/wp\/v2\/comments?post=2"}],"version-history":[{"count":10,"href":"https:\/\/powrpvd.org\/es\/wp-json\/wp\/v2\/pages\/2\/revisions"}],"predecessor-version":[{"id":851,"href":"https:\/\/powrpvd.org\/es\/wp-json\/wp\/v2\/pages\/2\/revisions\/851"}],"wp:attachment":[{"href":"https:\/\/powrpvd.org\/es\/wp-json\/wp\/v2\/media?parent=2"}],"curies":[{"name":"wp","href":"https:\/\/api.w.org\/{rel}","templated":true}]}}