{"id":266,"date":"2023-03-01T04:58:21","date_gmt":"2023-03-01T04:58:21","guid":{"rendered":"https:\/\/powrpvd.org\/?page_id=266"},"modified":"2023-03-06T04:11:31","modified_gmt":"2023-03-06T04:11:31","slug":"points-of-unity","status":"publish","type":"page","link":"https:\/\/powrpvd.org\/es\/points-of-unity\/","title":{"rendered":"Puntos de unidad"},"content":{"rendered":"<div class=\"wp-block-group\"><div class=\"wp-block-group__inner-container is-layout-constrained wp-block-group-is-layout-constrained\">\n<div style=\"height:50px\" aria-hidden=\"true\" class=\"wp-block-spacer\"><\/div>\n\n\n\n<h1 class=\"has-text-align-center wp-block-heading\"><strong>Puntos de unidad<\/strong><\/h1>\n\n\n\n<hr class=\"wp-block-separator has-alpha-channel-opacity\"\/>\n\n\n\n<p class=\"has-text-align-center\">Adoptada en febrero de 2023 <\/p>\n\n\n<div class=\"gb-container gb-container-b47463f4 poi-container\">\n\n<p>1.  Estamos construyendo el poder de la clase trabajadora en Providence empoderando a la gente para que tome el control de sus barrios, lugares de trabajo e instituciones comunitarias.&nbsp;<\/p>\n\n\n\n<p>2.  Los trabajadores tenemos poco o ning\u00fan control sobre las decisiones que afectan m\u00e1s profunda y directamente a nuestras vidas. Trabajamos en empleos que nos pagan una peque\u00f1a fracci\u00f3n del valor que aportamos al proceso, mientras que los propietarios intentan llevarse todo lo que pueden al final de cada mes.  Como individuos o familias aislados, poco podemos hacer m\u00e1s que salir adelante; pero unidos como clase, podemos cambiar el mundo.<\/p>\n\n\n\n<p>3.  POWR da prioridad a las luchas de los pueblos que se enfrentan a m\u00faltiples formas de opresi\u00f3n dentro de la clase trabajadora.  Reconocemos que la opresi\u00f3n racial y de g\u00e9nero agrava la explotaci\u00f3n de clase.  Defendemos la posici\u00f3n de que la emancipaci\u00f3n de una comunidad oprimida espec\u00edfica est\u00e1 ligada a la liberaci\u00f3n de la clase obrera en su conjunto. La mejor manera de superar las divisiones dentro de la clase y abordar las injusticias sociales es abolir el sistema que las produce: el capitalismo-imperialismo.<\/p>\n\n\n\n<p>4. Utilizamos la acci\u00f3n directa colectiva de masas para conseguir nuestros objetivos.  Creemos que las reformas se ganan organiz\u00e1ndose al margen de la pol\u00edtica oficial, confiando en el poder del pueblo.&nbsp;<\/p>\n\n\n\n<p>5.  No necesitamos mantener buenas relaciones con patrones, terratenientes, pol\u00edticos, organismos estatales opresores o financiadores ricos para defender y mejorar nuestras condiciones de trabajo y de vida.&nbsp;&nbsp;&nbsp;<\/p>\n\n\n\n<p>6.  POWR busca ser el tipo de fuerza comunitaria organizada en Providence que marque la pauta para la pol\u00edtica de la clase trabajadora y las demandas de cambio.  El poder pol\u00edtico para los trabajadores siempre ha llegado a trav\u00e9s de nuestra propia auto-organizaci\u00f3n - personas que se unen para perseguir colectivamente su propio inter\u00e9s.&nbsp;<\/p>\n\n\n\n<p>7. POWR es directamente democr\u00e1tico: decidimos colectivamente qu\u00e9 problemas queremos abordar y c\u00f3mo hacerlo. Queremos construir una coalici\u00f3n de personas que compartan conocimientos y habilidades entre s\u00ed. Pretendemos ser autosuficientes y apoyar el deseo de las comunidades de vivir y crecer en nuestros propios t\u00e9rminos, no en los de los ricos y privilegiados.<\/p>\n\n\n\n<p>8.  Luchamos por el control de la vivienda por parte de los inquilinos y residentes y creemos que la vivienda es una necesidad y un derecho humano b\u00e1sico.  Creemos que los trabajadores deben controlar sus propios lugares de trabajo: apoyamos los esfuerzos para luchar contra el robo de salarios, mejorar los salarios y las condiciones en el trabajo, y los esfuerzos para sindicalizar y colectivizar los lugares de trabajo.&nbsp;&nbsp;<\/p>\n\n\n\n<p>9. Apoyamos los esfuerzos para hacer frente a la polic\u00eda brutal y corrupta y para ayudar a fomentar alternativas a la criminalizaci\u00f3n en curso, el encarcelamiento masivo y, a menudo, la falta de seguridad en nuestros barrios.  Aspiramos a reunir suficiente poder colectivo y organizaci\u00f3n para resistir y reemplazar a las instituciones estatales represivas, en particular a las agencias policiales que operan como una fuerza ocupacional opresiva en nuestros barrios.&nbsp;&nbsp;<\/p>\n\n\n\n<p>10. POWR tambi\u00e9n espera ser un trampol\u00edn para los esfuerzos por mejorar las escuelas, el tr\u00e1nsito, la sostenibilidad medioambiental y el futuro de nuestra ciudad y nuestra sociedad.&nbsp;&nbsp;&nbsp;<\/p>\n\n\n\n<p>Si tienes ideas que encajen con los puntos anteriores, si quieres participar o simplemente recibir informaci\u00f3n actualizada sobre el trabajo que estamos haciendo, ponte en contacto...<\/p>\n\n<\/div><\/div><\/div>\n\n\n\n<div style=\"height:50px\" aria-hidden=\"true\" class=\"wp-block-spacer\"><\/div>","protected":false},"excerpt":{"rendered":"<p>Points of Unity Adopted February 2023 1.&nbsp; We are building the power of the working class in Providence by empowering people to take control of their neighborhoods, workplaces, and community institutions.&nbsp; 2.&nbsp; Working people have little to no control over the decisions that most deeply and directly affect our lives. We work jobs that pay &#8230; <a title=\"Puntos de unidad\" class=\"read-more\" href=\"https:\/\/powrpvd.org\/es\/points-of-unity\/\" aria-label=\"Leer m\u00e1s sobre Points of Unity\">Read more<\/a><\/p>","protected":false},"author":1,"featured_media":0,"parent":0,"menu_order":0,"comment_status":"closed","ping_status":"closed","template":"","meta":{"footnotes":""},"class_list":["post-266","page","type-page","status-publish"],"_links":{"self":[{"href":"https:\/\/powrpvd.org\/es\/wp-json\/wp\/v2\/pages\/266","targetHints":{"allow":["GET"]}}],"collection":[{"href":"https:\/\/powrpvd.org\/es\/wp-json\/wp\/v2\/pages"}],"about":[{"href":"https:\/\/powrpvd.org\/es\/wp-json\/wp\/v2\/types\/page"}],"author":[{"embeddable":true,"href":"https:\/\/powrpvd.org\/es\/wp-json\/wp\/v2\/users\/1"}],"replies":[{"embeddable":true,"href":"https:\/\/powrpvd.org\/es\/wp-json\/wp\/v2\/comments?post=266"}],"version-history":[{"count":10,"href":"https:\/\/powrpvd.org\/es\/wp-json\/wp\/v2\/pages\/266\/revisions"}],"predecessor-version":[{"id":537,"href":"https:\/\/powrpvd.org\/es\/wp-json\/wp\/v2\/pages\/266\/revisions\/537"}],"wp:attachment":[{"href":"https:\/\/powrpvd.org\/es\/wp-json\/wp\/v2\/media?parent=266"}],"curies":[{"name":"wp","href":"https:\/\/api.w.org\/{rel}","templated":true}]}}